{"id":26,"date":"2014-03-25T13:44:10","date_gmt":"2014-03-25T13:44:10","guid":{"rendered":"http:\/\/fundatiapentrusmurd.ro\/?page_id=26"},"modified":"2019-12-23T18:31:33","modified_gmt":"2019-12-23T16:31:33","slug":"voluntariat","status":"publish","type":"page","link":"https:\/\/fundatiapentrusmurd.ro\/en\/activitati\/voluntariat\/","title":{"rendered":"Voluntariat"},"content":{"rendered":"<h2>Voluntari 2%<\/h2>\n<p>Dac\u0103 dore\u0219ti s\u0103 devii voluntar al Funda\u0163iei pentru SMURD \u00een campania &#8220;<a href=\"https:\/\/fundatiapentrusmurd.ro\/sustine\/2-la-suta-pentru-smurd\/\" target=\"_blank\" rel=\"noopener noreferrer\">2% pentru SMURD<\/a>&#8221; te rug\u0103m contacteaz\u0103-ne:<\/p>\n<p>Funda\u0163ia pentru SMURD &#8211; Coordonator voluntari: Alexandru M\u0103xineanu.<\/p>\n<p>Email: <a href=\"mailto:alexandru.maxineanu@fundatiapentrusmurd.ro\">alexandru.maxineanu@fundatiapentrusmurd.ro<\/a>","protected":false},"excerpt":{"rendered":"<p>Voluntari 2% Dac\u0103 dore\u0219ti s\u0103 devii voluntar al Funda\u0163iei pentru SMURD \u00een campania &#8220;2% pentru SMURD&#8221; te rug\u0103m contacteaz\u0103-ne: Funda\u0163ia pentru SMURD &#8211; Coordonator voluntari: Alexandru M\u0103xineanu. Email: alexandru.maxineanu@fundatiapentrusmurd.ro<\/p>\n","protected":false},"author":8,"featured_media":0,"parent":24,"menu_order":0,"comment_status":"open","ping_status":"closed","template":"","meta":{"footnotes":""},"class_list":["post-26","page","type-page","status-publish","hentry"],"acf":[],"_links":{"self":[{"href":"https:\/\/fundatiapentrusmurd.ro\/en\/wp-json\/wp\/v2\/pages\/26","targetHints":{"allow":["GET"]}}],"collection":[{"href":"https:\/\/fundatiapentrusmurd.ro\/en\/wp-json\/wp\/v2\/pages"}],"about":[{"href":"https:\/\/fundatiapentrusmurd.ro\/en\/wp-json\/wp\/v2\/types\/page"}],"author":[{"embeddable":true,"href":"https:\/\/fundatiapentrusmurd.ro\/en\/wp-json\/wp\/v2\/users\/8"}],"replies":[{"embeddable":true,"href":"https:\/\/fundatiapentrusmurd.ro\/en\/wp-json\/wp\/v2\/comments?post=26"}],"version-history":[{"count":4,"href":"https:\/\/fundatiapentrusmurd.ro\/en\/wp-json\/wp\/v2\/pages\/26\/revisions"}],"predecessor-version":[{"id":6639,"href":"https:\/\/fundatiapentrusmurd.ro\/en\/wp-json\/wp\/v2\/pages\/26\/revisions\/6639"}],"up":[{"embeddable":true,"href":"https:\/\/fundatiapentrusmurd.ro\/en\/wp-json\/wp\/v2\/pages\/24"}],"wp:attachment":[{"href":"https:\/\/fundatiapentrusmurd.ro\/en\/wp-json\/wp\/v2\/media?parent=26"}],"curies":[{"name":"wp","href":"https:\/\/api.w.org\/{rel}","templated":true}]}}