{"id":211,"date":"2014-04-02T10:30:36","date_gmt":"2014-04-02T10:30:36","guid":{"rendered":"http:\/\/fundatiapentrusmurd.ro\/?page_id=211"},"modified":"2025-12-03T09:35:18","modified_gmt":"2025-12-03T07:35:18","slug":"doneaza","status":"publish","type":"page","link":"https:\/\/fundatiapentrusmurd.ro\/en\/sustine\/doneaza\/","title":{"rendered":"Donations and Sponsorships"},"content":{"rendered":"<h2 id=\"online\">Doneaz\u0103 online<\/h2>\n<p class=\"lead\">Mul\u021bumim pentru interesul acordat Funda\u021biei pentru SMURD! Dona\u021biile online reprezint\u0103 un mod facil \u0219i comod de a sus\u021bine financiar activit\u0103\u021bile SMURD.<\/p>\n<p>Tranzac\u021bia va fi realizat\u0103 prin intermediul serviciului <a href=\"http:\/\/www.euplatesc.ro\/\">www.euplatesc.ro<\/a>, autorizat pentru efectuarea de tranzac\u021bii online. Sunt acceptate toate cardurile emise de VISA sau MasterCard.<\/p>\n<p><small>Pute\u021bi afla mai multe detalii cu privire la securitatea tranzac\u021biei consult\u00e2nd <a href=\"http:\/\/www.euplatesc.ro\/\">site-ul euplatesc.ro<\/a>.<\/small><\/p>\n<div class=\"alert alert-default\">\nPentru ca tranzac\u021bia s\u0103 poat\u0103 fi efectuat\u0103, este obligatoriu s\u0103 completa\u021bi c\u00e2mpul E-mail. Celelate informa\u021bii pot r\u0103m\u00e2ne confiden\u021biale, dar Funda\u021bia pentru SMURD ar aprecia s\u0103 cunoasc\u0103 cine sunt persoanele care o sprijin\u0103.<\/p>\n<p>Odat\u0103 trimis formularul, ve\u021bi fi direc\u021bionat c\u00e2tre operatorul de pl\u0103\u021bi, unde va trebui s\u0103 completa\u021bi alte informa\u021bii \u0219i s\u0103 urma\u021bi pa\u0219ii necesari pentru finalizarea pl\u0103\u021bii.<br \/>\n<\/div>\n<hr \/>\n<div class=\"content_block\" id=\"custom_post_widget-2565\"><form action=\"https:\/\/fundatiapentrusmurd.ro\/wp-content\/themes\/smurd\/includes\/euplatesc\/plateste.php\" enctype=\"multipart\/form-data\" method=\"post\">\n  <div class=\"row\">\n    <div class=\"col-md-6 form-group\"><label class=\"control-label\" for=\"dnAmount\">Donated amount *<\/label><select class=\"form-control\" id=\"dnAmount\" name=\"amount\" required><option value=\"10\">10 lei<\/option><option value=\"25\">25 lei<\/option><option value=\"50\">50 lei<\/option><option value=\"75\">75 lei<\/option><option value=\"100\">100 lei<\/option><option value=\"125\">125 lei<\/option><option value=\"150\">150 lei<\/option><\/select><\/div>\n    <div class=\"col-md-6 form-group\"><label class=\"control-label\" for=\"dnemail\">E-mail *<\/label><input class=\"form-control\" id=\"dnemail\" name=\"email\" required=\"\" type=\"email\"><\/div>\n  <\/div>\n  <div class=\"row\">\n    <div class=\"col-md-6 form-group\"><label class=\"control-label\" for=\"dnfname\">First Name<\/label><input class=\"form-control\" id=\"dnfname\" name=\"fname\" type=\"text\"><\/div>\n    <div class=\"col-md-6 form-group\"><label class=\"control-label\" for=\"dnlname\">Last Name<\/label><input class=\"form-control\" id=\"dnlname\" name=\"lname\" type=\"text\"><\/div>\n    <div class=\"col-md-6 form-group\"><label class=\"control-label\" for=\"dncompany\">Organisation<\/label><input class=\"form-control\" id=\"dncompany\" name=\"company\" type=\"text\"><\/div>\n  <\/div>\n  <div class=\"row\">\n    <div class=\"col-md-6 form-group\"><label class=\"control-label\" for=\"dncountry\">Country<\/label><input class=\"form-control\" id=\"dncountry\" name=\"country\" type=\"text\" value=\"Romania\"><\/div>\n    <div class=\"col-md-6 form-group\"><label class=\"control-label\" for=\"dncity\">City<\/label><input class=\"form-control\" id=\"dncity\" name=\"city\" type=\"text\"><\/div>\n    <div class=\"col-md-12 form-group\"><label class=\"control-label\" for=\"dnadd\">Address<\/label><input class=\"form-control\" id=\"dnadd\" name=\"add\" type=\"text\"><\/div>\n    <div class=\"col-md-6 form-group\"><label class=\"control-label\" for=\"dnphone\">Phone<\/label><input class=\"form-control\" id=\"dnphone\" name=\"phone\" type=\"tel\"><\/div>\n    <div class=\"col-md-6 form-group lg-btm20\"><label class=\"control-label\" for=\"dnfax\">Fax<\/label><input class=\"form-control\" id=\"dnfax\" name=\"fax\" type=\"text\"><\/div>\n    <div class=\"col-md-6 form-group\"><button class=\"btn btn-default btn-block btn-warning\" type=\"submit\">Continue paying through EuPlatesc.ro<\/button><\/div>\n  <\/div>\n<\/form>\n<\/div>\n<hr \/>\n<h2 id=\"cont\">Dona\u021bii \u00een cont<\/h2>\n<p>Pentru dona\u021biile \u00een RON, contul IBAN este:<br \/>\n<strong>RO 15 RNCB 0188 0848 0804 0001<\/strong><\/p>\n<p>Pentru dona\u021biile \u00een EURO, contul IBAN este:<br \/>\n<strong>RO 85 RNCB 0188 0848 0804 0002<\/strong><\/p>\n<p>Pentru dona\u021biile \u00een valut\u0103 sunt necesare urm\u0103toarele informa\u021bii:<\/p>\n<ul>\n<li>Numele funda\u021biei: Funda\u021bia Pentru SMURD<\/li>\n<li>Adresa funda\u021biei: str. Prof. Dr. Gheorghe Marinescu nr. 50, T\u00e2rgu-Mure\u015f, jud. Mure\u015f, cod po\u015ftal 540136<\/li>\n<li>Banca: BCR Sucursala T\u00e2rgu-Mure\u0219<\/li>\n<li>Cont IBAN EURO: RO 85 RNCB 0188 0848 0804 0002<\/li>\n<\/ul>\n<hr \/>\n<h2 id=\"sponsori\">Sponsoriz\u0103ri<\/h2>\n<p class=\"lead\">Sponsorizarea este metoda ideal\u0103 de a sus\u021bine activit\u0103\u021bile SMURD \u0219i ale Funda\u021biei pentru SMURD, pentru persoanele juridice care doresc s\u0103 se implice.<\/p>\n<p>Sumele donate de contribuabili se scad direct din impozitul pe profit, dac\u0103 sunt \u00eendeplinite cumulativ urm\u0103toarele condi\u021bii:<\/p>\n<ul>\n<li>sunt \u00een limita a 0,3 % din cifra de afaceri<\/li>\n<li>nu dep\u0103\u0219esc mai mult de 20% din impozitul pe profit datorat.<\/li>\n<\/ul>\n<p>Cheltuielile cu sponsoriz\u0103rile care dep\u0103\u0219esc baremul de mai sus pot fi totu\u0219i \u00eenregistrate contabil sub form\u0103 de cheltuieli nedeductibile. Actul de sponsorizare va fi consemnat de c\u0103tre ambele p\u0103r\u021bi pe baza documentelor ce atest\u0103 efectuarea sponsoriz\u0103rii.<\/p>\n<div class=\"alert alert-default\">\n<strong>Suntem recunosc\u0103tori tuturor sponsorilor no\u0219tri<\/strong>, care vor fi inclu\u015fi \u00een raportul anual de activitate al Funda\u021biei pentru SMURD. <strong>Dona\u021biile oferite de sponsori vor fi utilizate \u00een exclusivitate<\/strong> \u00een scopul pentru care au fost efectuate, \u00een concordan\u021b\u0103 cu activitatea specific\u0103 a SMURD.<br \/>\n<\/div>\n<hr \/>\n<h3>Legisla\u021bie<\/h3>\n<p>Sponsorii Funda\u021biei pentru SMURD, vor beneficia, pentru suma sponsorizat\u0103, de facilit\u0103\u021bile prev\u0103zute \u00een Codul Fiscal al Rom\u00eeniei, Titlul II, Capitolul II, Art. 21, alin. 4, lit. p.<\/p>\n<blockquote><p>TITLUL II: Impozitul pe profit.<\/p>\n<p>CAPITOLUL 2: Calculul profitului impozabil.<\/p>\n<p>Art. 21\u00a0: Cheltuieli<\/p>\n<p>(4) p) cheltuielile de sponsorizare \u0219i\/sau mecenat \u0219i cheltuielile privind bursele private, acordate potrivit legii; contribuabilii care efectueaza sponsoriz\u0103ri \u0219i\/sau acte de mecenat, potrivit prevederilor Legii nr. 32\/1994 privind sponsorizarea, cu modific\u0103rile ulterioare, \u0219i ale Legii bibliotecilor nr. 334\/2002, republicat\u0103, cu modificarile \u0219i complet\u0103rile ulterioare, precum \u0219i cei care acord\u0103 burse private, potrivit legii, scad din impozitul pe profit datorat sumele aferente, dac\u0103 totalul acestor cheltuieli \u00eendepline\u0219te cumulativ urm\u0103toarele condi\u021bii: 1. este \u00een limita a 0,3 % din cifra de afaceri; 2. nu dep\u0103\u0219este mai mult de 20% din impozitul pe profit datorat<\/p><\/blockquote>\n<hr \/>\n<div class=\"alert hasicon alert-default\"><i class=\"fi-info-sign\"><\/i>  Pentru mai multe informa\u021bii \u0219i detalii privind contractele de sponsorizare sau dona\u021biile, nu ezita\u021bi s\u0103 ne scrie\u021bi.<\/p>\n<p>Persoan\u0103 de contact: Tiberiu Fechete.<\/p>\n<p>Email:\u00a0<a href=\"mailto:tiberiu.fechete@fundatiapentrusmurd.ro\">tiberiu.fechete@fundatiapentrusmurd.ro<\/a><br \/>\n<\/div>","protected":false},"excerpt":{"rendered":"<p>Doneaz\u0103 online Mul\u021bumim pentru interesul acordat Funda\u021biei pentru SMURD! Dona\u021biile online reprezint\u0103 un mod facil \u0219i comod de a sus\u021bine financiar activit\u0103\u021bile SMURD. Tranzac\u021bia va fi realizat\u0103 prin intermediul serviciului www.euplatesc.ro, autorizat pentru efectuarea de tranzac\u021bii online. Sunt acceptate toate cardurile emise de VISA sau MasterCard. Pute\u021bi afla mai multe detalii cu privire la securitatea [&hellip;]<\/p>\n","protected":false},"author":8,"featured_media":0,"parent":3965,"menu_order":0,"comment_status":"open","ping_status":"closed","template":"","meta":{"_acf_changed":false,"footnotes":""},"class_list":["post-211","page","type-page","status-publish","hentry"],"acf":[],"_links":{"self":[{"href":"https:\/\/fundatiapentrusmurd.ro\/en\/wp-json\/wp\/v2\/pages\/211","targetHints":{"allow":["GET"]}}],"collection":[{"href":"https:\/\/fundatiapentrusmurd.ro\/en\/wp-json\/wp\/v2\/pages"}],"about":[{"href":"https:\/\/fundatiapentrusmurd.ro\/en\/wp-json\/wp\/v2\/types\/page"}],"author":[{"embeddable":true,"href":"https:\/\/fundatiapentrusmurd.ro\/en\/wp-json\/wp\/v2\/users\/8"}],"replies":[{"embeddable":true,"href":"https:\/\/fundatiapentrusmurd.ro\/en\/wp-json\/wp\/v2\/comments?post=211"}],"version-history":[{"count":6,"href":"https:\/\/fundatiapentrusmurd.ro\/en\/wp-json\/wp\/v2\/pages\/211\/revisions"}],"predecessor-version":[{"id":7006,"href":"https:\/\/fundatiapentrusmurd.ro\/en\/wp-json\/wp\/v2\/pages\/211\/revisions\/7006"}],"up":[{"embeddable":true,"href":"https:\/\/fundatiapentrusmurd.ro\/en\/wp-json\/wp\/v2\/pages\/3965"}],"wp:attachment":[{"href":"https:\/\/fundatiapentrusmurd.ro\/en\/wp-json\/wp\/v2\/media?parent=211"}],"curies":[{"name":"wp","href":"https:\/\/api.w.org\/{rel}","templated":true}]}}