{"id":207,"date":"2014-04-02T10:20:17","date_gmt":"2014-04-02T10:20:17","guid":{"rendered":"http:\/\/fundatiapentrusmurd.ro\/?page_id=207"},"modified":"2016-01-12T17:28:43","modified_gmt":"2016-01-12T15:28:43","slug":"statut","status":"publish","type":"page","link":"https:\/\/fundatiapentrusmurd.ro\/en\/despre\/statut\/","title":{"rendered":"Status"},"content":{"rendered":"<h2>Statute of Foundation for\u00a0SMURD<\/h2>\n<p>Foundation for SMURD is a non-governmental organization, founded in 2006 as a private legal person, non-profit, apolitical, independent of any other institution or person, Romanian or foreign.<\/p>\n<h4 class=\"mg-btm20\">Download the statute\u00a0of Foundation for SMURD in PDF format<\/h4>\n<p><a class=\"btn btn-default fi-pdf fi-lg mg-right30\" href=\"https:\/\/fundatiapentrusmurd.ro\/wp-content\/uploads\/2010\/02\/statut_fundatie.pdf\" target=\"_blank\">\u00cen Rom\u00e2n\u0103<\/a>\u00a0<a class=\"btn btn-default fi-pdf fi-lg mg-right30\" href=\"https:\/\/fundatiapentrusmurd.ro\/wp-content\/uploads\/2010\/02\/statut_fundatia_pentru_smurd_en.pdf\" target=\"_blank\">In English<\/a> <a class=\"btn btn-default fi-pdf fi-lg\" href=\"https:\/\/fundatiapentrusmurd.ro\/wp-content\/uploads\/2010\/02\/statut_fundatia_pentru_smurd_fr.pdf\" target=\"_blank\">En Fran\u00e7ais<\/a>","protected":false},"excerpt":{"rendered":"<p>Statute of Foundation for\u00a0SMURD Foundation for SMURD is a non-governmental organization, founded in 2006 as a private legal person, non-profit, apolitical, independent of any other institution or person, Romanian or foreign. Download the statute\u00a0of Foundation for SMURD in PDF format \u00cen Rom\u00e2n\u0103\u00a0In English En Fran\u00e7ais<\/p>\n","protected":false},"author":8,"featured_media":0,"parent":139,"menu_order":0,"comment_status":"open","ping_status":"closed","template":"","meta":{"footnotes":""},"class_list":["post-207","page","type-page","status-publish","hentry"],"acf":[],"_links":{"self":[{"href":"https:\/\/fundatiapentrusmurd.ro\/en\/wp-json\/wp\/v2\/pages\/207","targetHints":{"allow":["GET"]}}],"collection":[{"href":"https:\/\/fundatiapentrusmurd.ro\/en\/wp-json\/wp\/v2\/pages"}],"about":[{"href":"https:\/\/fundatiapentrusmurd.ro\/en\/wp-json\/wp\/v2\/types\/page"}],"author":[{"embeddable":true,"href":"https:\/\/fundatiapentrusmurd.ro\/en\/wp-json\/wp\/v2\/users\/8"}],"replies":[{"embeddable":true,"href":"https:\/\/fundatiapentrusmurd.ro\/en\/wp-json\/wp\/v2\/comments?post=207"}],"version-history":[{"count":2,"href":"https:\/\/fundatiapentrusmurd.ro\/en\/wp-json\/wp\/v2\/pages\/207\/revisions"}],"predecessor-version":[{"id":4967,"href":"https:\/\/fundatiapentrusmurd.ro\/en\/wp-json\/wp\/v2\/pages\/207\/revisions\/4967"}],"up":[{"embeddable":true,"href":"https:\/\/fundatiapentrusmurd.ro\/en\/wp-json\/wp\/v2\/pages\/139"}],"wp:attachment":[{"href":"https:\/\/fundatiapentrusmurd.ro\/en\/wp-json\/wp\/v2\/media?parent=207"}],"curies":[{"name":"wp","href":"https:\/\/api.w.org\/{rel}","templated":true}]}}