{"id":20,"date":"2014-03-25T13:42:02","date_gmt":"2014-03-25T13:42:02","guid":{"rendered":"http:\/\/fundatiapentrusmurd.ro\/?page_id=20"},"modified":"2024-02-29T18:57:04","modified_gmt":"2024-02-29T16:57:04","slug":"financiar","status":"publish","type":"page","link":"https:\/\/fundatiapentrusmurd.ro\/en\/financiar\/","title":{"rendered":"Financial"},"content":{"rendered":"<h2 id=\"audit\">Audit<\/h2>\n<h3>Raport Audit &#8211; Exerci\u021biu Financiar<\/h3>\n<p>Desc\u0103rca\u021bi rapoartele auditorului la documentele de sintez\u0103 contabil\u0103 aferente exerci\u021biilor financiare din anii respectivi.<\/p>\n<p><a class=\"btn btn-default fi-pdf fi-lg\" href=\"https:\/\/fundatiapentrusmurd.ro\/wp-content\/uploads\/2014\/03\/Raport-Audit-Financiar-SMURD-2014_web.pdf\" target=\"_blank\" rel=\"noopener noreferrer\">Raport Audit Financiar 2014<\/a><\/p>\n<p><a class=\"btn btn-default fi-pdf fi-lg\" href=\"https:\/\/fundatiapentrusmurd.ro\/wp-content\/uploads\/2014\/03\/Raport_audit_2013_web.pdf\" target=\"_blank\" rel=\"noopener noreferrer\">Raport_Audit Financiar 2013<\/a><\/p>\n<hr \/>\n<h3 id=\"dateFinaciare\">Date financiare<\/h3>\n<p><strong>Sediu<\/strong>: Str. Prof. Dr. Gheorghe Marinescu nr. 50, 540136 T\u00e2rgu-Mure\u0219, jud. Mure\u0219<\/p>\n<p><strong>Cont bancar RON<\/strong>: RO 15 RNCB 0188 0848 0804 0001<\/p>\n<p><strong>Cont bancar EUR<\/strong>: RO 85 RNCB 0188 0848 0804 0002 BCR Sucursala T\u00e2rgu-Mure\u0219<\/p>\n<p><strong>Cod de identificare fiscal\u0103<\/strong>: 20177660<\/p>\n<p>Pentru mai multe informa\u021bii, contacteaz\u0103-ne:<\/p>\n<p><a href=\"mailto:office@fundatiapentrusmurd.ro\">office<br class=\"visible-xs\" \/>@fundatiapentrusmurd.ro<\/a><\/p>\n<hr \/>\n<h3 id=\"cerere\">Cerere de finan\u021bare<\/h3>\n<p>Pentru asigurarea \u00een cele mai bune condi\u021bii a func\u021bion\u0103rii serviciilor medicale de urgen\u021b\u0103, Funda\u021bia Pentru SMURD desf\u0103\u0219oar\u0103 procedura de finan\u021bare a tuturor centrelor SMURD, din fondul sumelor adunate prin intermediul campaniei de direc\u021bionare a procentului de 2% din impozitul datorat statului. Fondurile vor fi alocate \u00een baza cererii de finan\u021bare disponibile mai jos, care se va completa \u0219i transmite, \u00een mod electronic, la adresa de e-mail: <a href=\"mailto:tiberiu.fechete@fundatiapentrusmurd.ro\">tiberiu.fechete@fundatiapentrusmurd.ro<\/a>.<\/p>\n<p>Toate documentele primite vor fi inregistrate, supuse verific\u0103rii \u0219i repartizate pe regiuni. Av\u00e2nd \u00een vedere necesitatea unei distribuiri eficiente \u0219i \u00een mod corect a finan\u021b\u0103rilor, proiectele vor beneficia de fondurile alocate fiec\u0103rei regiuni, lu\u00e2ndu-se \u00een considerare \u0219i jude\u021bele care au colectat sumele respective.<\/p>\n<p><a class=\"btn btn-default fi-doc fi-lg mg-right30\" href=\"https:\/\/fundatiapentrusmurd.ro\/wp-content\/uploads\/2010\/02\/formular-cerere-finantare-28102009.doc\">Cerere de finan\u021bare<br class=\"visible-xs\" \/> pentru centrele SMURD<\/a><\/p>\n<p><a class=\"btn btn-default fi-doc fi-lg\" href=\"https:\/\/fundatiapentrusmurd.ro\/wp-content\/uploads\/2010\/02\/model_contract_de_sponsorizare_02072012.doc\" target=\"_blank\" rel=\"noopener noreferrer\">Model de<br class=\"visible-xs\" \/> contract de sponsorizare<\/a> &#8211; <small>Bunuri donate de Funda\u021bia pentru SMURD<\/small>","protected":false},"excerpt":{"rendered":"<p>Audit Raport Audit &#8211; Exerci\u021biu Financiar Desc\u0103rca\u021bi rapoartele auditorului la documentele de sintez\u0103 contabil\u0103 aferente exerci\u021biilor financiare din anii respectivi. Raport Audit Financiar 2014 Raport_Audit Financiar 2013 Date financiare Sediu: Str. Prof. Dr. Gheorghe Marinescu nr. 50, 540136 T\u00e2rgu-Mure\u0219, jud. Mure\u0219 Cont bancar RON: RO 15 RNCB 0188 0848 0804 0001 Cont bancar EUR: RO [&hellip;]<\/p>\n","protected":false},"author":8,"featured_media":0,"parent":0,"menu_order":0,"comment_status":"open","ping_status":"closed","template":"","meta":{"footnotes":""},"class_list":["post-20","page","type-page","status-publish","hentry"],"acf":[],"_links":{"self":[{"href":"https:\/\/fundatiapentrusmurd.ro\/en\/wp-json\/wp\/v2\/pages\/20","targetHints":{"allow":["GET"]}}],"collection":[{"href":"https:\/\/fundatiapentrusmurd.ro\/en\/wp-json\/wp\/v2\/pages"}],"about":[{"href":"https:\/\/fundatiapentrusmurd.ro\/en\/wp-json\/wp\/v2\/types\/page"}],"author":[{"embeddable":true,"href":"https:\/\/fundatiapentrusmurd.ro\/en\/wp-json\/wp\/v2\/users\/8"}],"replies":[{"embeddable":true,"href":"https:\/\/fundatiapentrusmurd.ro\/en\/wp-json\/wp\/v2\/comments?post=20"}],"version-history":[{"count":6,"href":"https:\/\/fundatiapentrusmurd.ro\/en\/wp-json\/wp\/v2\/pages\/20\/revisions"}],"predecessor-version":[{"id":6931,"href":"https:\/\/fundatiapentrusmurd.ro\/en\/wp-json\/wp\/v2\/pages\/20\/revisions\/6931"}],"wp:attachment":[{"href":"https:\/\/fundatiapentrusmurd.ro\/en\/wp-json\/wp\/v2\/media?parent=20"}],"curies":[{"name":"wp","href":"https:\/\/api.w.org\/{rel}","templated":true}]}}